{"id":1019,"date":"2025-07-04T20:17:45","date_gmt":"2025-07-04T17:17:45","guid":{"rendered":"https:\/\/kaivopirtti.fi\/?page_id=1019"},"modified":"2025-08-03T14:35:33","modified_gmt":"2025-08-03T11:35:33","slug":"ala-carte","status":"publish","type":"page","link":"https:\/\/kaivopirtti.fi\/en\/ala-carte\/","title":{"rendered":"Ala Carte"},"content":{"rendered":"<pre class=\"tw-data-text tw-text-large tw-ta\" dir=\"ltr\" data-placeholder=\"K\u00e4\u00e4nn\u00f6s\" data-ved=\"2ahUKEwiRtc262qOOAxWKgSoKHRcZORAQ3ewLegQICRAV\" aria-label=\"K\u00e4\u00e4nnetty teksti: In the spring of 2025, we completed a new &amp; much-needed restaurant kitchen extension to our Caf\u00e9-Restaurant \u201cwing\u201d. So far, we have been operating in small kitchen spaces for over 20 years. With the completion of the new additional kitchen &amp; the wishes of our customers, our food offering is expanding. We will start selling Kaivopirtti plate dishes this coming weekend. (5-6.7) We will be frying vendace dishes Sat-Sun 12-19. *Local fried vendace with new potatoes, herb salad &amp; cucumber dip 20 \u20ac ( dish also available gluten-free) Next week we will publish the full Ala Carte list, follow our announcement. \ud83d\ude42 Welcome!\"><span class=\"Y2IQFc\" lang=\"en\">In the spring of 2025, we completed a new &amp; much-needed restaurant kitchen extension to our Caf\u00e9-Restaurant \u201cwing\u201d.\r\n\r\nSo far, we have been operating in small kitchen spaces for over 20 years.\r\n\r\nWith the completion of the new additional kitchen &amp; the wishes of our customers, our food offering is expanding.\r\n\r\n<span class=\"OYPEnA font-feature-liga-off font-feature-clig-off font-feature-calt-off text-decoration-none text-strikethrough-none\">( Ala carte menu WED-FRI at 2:00pm to 7:00pm &amp; SAT-SUN at 12pm to 7 pm )<\/span> \r\n\r\n<\/span><\/pre>\n<p class=\"cvGsUA direction-ltr align-center para-style-body\"><span class=\"OYPEnA font-feature-liga-off font-feature-clig-off font-feature-calt-off text-decoration-none text-strikethrough-none\">* Local fried vendace with summer potatoes, herb salad &amp;<\/span><\/p>\n<p class=\"cvGsUA direction-ltr align-center para-style-body\"><span class=\"OYPEnA font-feature-liga-off font-feature-clig-off font-feature-calt-off text-decoration-none text-strikethrough-none\">cucumber dip <strong>20 \u20ac<\/strong><\/span><\/p>\n<p class=\"cvGsUA direction-ltr align-center para-style-body\"><span class=\"OYPEnA font-feature-liga-off font-feature-clig-off font-feature-calt-off text-decoration-none text-strikethrough-none\">*Pan fried pike-perch with cider-butter sauce,<\/span><\/p>\n<p class=\"cvGsUA direction-ltr align-center para-style-body\"><span class=\"OYPEnA font-feature-liga-off font-feature-clig-off font-feature-calt-off text-decoration-none text-strikethrough-none\">dill potatoes &amp; roasted root vegetables <strong>30 \u20ac<\/strong><\/span><\/p>\n<p id=\"tw-target-text\" class=\"tw-data-text tw-text-large tw-ta\" dir=\"ltr\" data-placeholder=\"K\u00e4\u00e4nn\u00f6s\" data-ved=\"2ahUKEwiRtc262qOOAxWKgSoKHRcZORAQ3ewLegQICRAV\" aria-label=\"K\u00e4\u00e4nnetty teksti: In the spring of 2025, we completed a new &amp; much-needed restaurant kitchen extension to our Caf\u00e9-Restaurant \u201cwing\u201d. So far, we have been operating in small kitchen spaces for over 20 years. With the completion of the new additional kitchen &amp; the wishes of our customers, our food offering is expanding. We will start selling Kaivopirtti plate dishes this coming weekend. (5-6.7) We will be frying vendace dishes Sat-Sun 12-19. *Local fried vendace with new potatoes, herb salad &amp; cucumber dip 20 \u20ac ( dish also available gluten-free) Next week we will publish the full Ala Carte list, follow our announcement. \ud83d\ude42 Welcome!\"><span class=\"Y2IQFc\" lang=\"en\"><span class=\"OYPEnA font-feature-liga-off font-feature-clig-off font-feature-calt-off text-decoration-none text-strikethrough-none\">*Herb-cursted pork tenderloin, smoky red wine sauce, confit potatoes, fried mushrooms &amp; onions <strong>24 \u20ac<\/strong><\/span><\/span><\/p>\n<p class=\"cvGsUA direction-ltr align-center para-style-body\"><b>Salad Courses ( includes garlic bread )<\/b><\/p>\n<p class=\"cvGsUA direction-ltr align-center para-style-body\"><span class=\"OYPEnA font-feature-liga-off font-feature-clig-off font-feature-calt-off text-decoration-none text-strikethrough-none\">Smoked salmon salad<strong> 18 \u20ac<\/strong><\/span><\/p>\n<p><span class=\"OYPEnA font-feature-liga-off font-feature-clig-off font-feature-calt-off text-decoration-none text-strikethrough-none\">Grilled chicken salad <strong>16 \u20ac<\/strong><\/span><\/p>\n<p>Tofu Salad <strong>16 \u20ac<\/strong><\/p>\n","protected":false},"excerpt":{"rendered":"<p>In the spring of 2025, we completed a new &amp; much-needed restaurant kitchen extension to our Caf\u00e9-Restaurant \u201cwing\u201d. So far, we have been&#8230;<\/p>\n","protected":false},"author":3,"featured_media":1014,"parent":0,"menu_order":0,"comment_status":"closed","ping_status":"closed","template":"","meta":{"footnotes":""},"class_list":["post-1019","page","type-page","status-publish","has-post-thumbnail","hentry"],"yoast_head":"<!-- This site is optimized with the Yoast SEO plugin v27.4 - https:\/\/yoast.com\/product\/yoast-seo-wordpress\/ -->\n<title>Ala Carte - Kahvila Kaivopirtti<\/title>\n<meta name=\"robots\" content=\"index, follow, max-snippet:-1, max-image-preview:large, max-video-preview:-1\" \/>\n<link rel=\"canonical\" href=\"https:\/\/kaivopirtti.fi\/en\/ala-carte\/\" \/>\n<meta property=\"og:locale\" content=\"en_US\" \/>\n<meta property=\"og:type\" content=\"article\" \/>\n<meta property=\"og:title\" content=\"Ala Carte - Kahvila Kaivopirtti\" \/>\n<meta property=\"og:description\" content=\"In the spring of 2025, we completed a new &amp; much-needed restaurant kitchen extension to our Caf\u00e9-Restaurant \u201cwing\u201d. So far, we have been...\" \/>\n<meta property=\"og:url\" content=\"https:\/\/kaivopirtti.fi\/en\/ala-carte\/\" \/>\n<meta property=\"og:site_name\" content=\"Kahvila Kaivopirtti\" \/>\n<meta property=\"article:publisher\" content=\"https:\/\/fi-fi.facebook.com\/KahvilaKaivopirtti\" \/>\n<meta property=\"article:modified_time\" content=\"2025-08-03T11:35:33+00:00\" \/>\n<meta property=\"og:image\" content=\"https:\/\/kaivopirtti.fi\/wp-content\/uploads\/2025\/07\/516090310_10161764754163753_2026057583345404629_n.jpg\" \/>\n\t<meta property=\"og:image:width\" content=\"843\" \/>\n\t<meta property=\"og:image:height\" content=\"514\" \/>\n\t<meta property=\"og:image:type\" content=\"image\/jpeg\" \/>\n<meta name=\"twitter:card\" content=\"summary_large_image\" \/>\n<meta name=\"twitter:label1\" content=\"Est. reading time\" \/>\n\t<meta name=\"twitter:data1\" content=\"1 minute\" \/>\n<script type=\"application\/ld+json\" class=\"yoast-schema-graph\">{\"@context\":\"https:\\\/\\\/schema.org\",\"@graph\":[{\"@type\":\"WebPage\",\"@id\":\"https:\\\/\\\/kaivopirtti.fi\\\/en\\\/ala-carte\\\/\",\"url\":\"https:\\\/\\\/kaivopirtti.fi\\\/en\\\/ala-carte\\\/\",\"name\":\"Ala Carte - Kahvila Kaivopirtti\",\"isPartOf\":{\"@id\":\"https:\\\/\\\/kaivopirtti.fi\\\/#website\"},\"primaryImageOfPage\":{\"@id\":\"https:\\\/\\\/kaivopirtti.fi\\\/en\\\/ala-carte\\\/#primaryimage\"},\"image\":{\"@id\":\"https:\\\/\\\/kaivopirtti.fi\\\/en\\\/ala-carte\\\/#primaryimage\"},\"thumbnailUrl\":\"https:\\\/\\\/kaivopirtti.fi\\\/wp-content\\\/uploads\\\/2025\\\/07\\\/516090310_10161764754163753_2026057583345404629_n.jpg\",\"datePublished\":\"2025-07-04T17:17:45+00:00\",\"dateModified\":\"2025-08-03T11:35:33+00:00\",\"breadcrumb\":{\"@id\":\"https:\\\/\\\/kaivopirtti.fi\\\/en\\\/ala-carte\\\/#breadcrumb\"},\"inLanguage\":\"en-US\",\"potentialAction\":[{\"@type\":\"ReadAction\",\"target\":[\"https:\\\/\\\/kaivopirtti.fi\\\/en\\\/ala-carte\\\/\"]}]},{\"@type\":\"ImageObject\",\"inLanguage\":\"en-US\",\"@id\":\"https:\\\/\\\/kaivopirtti.fi\\\/en\\\/ala-carte\\\/#primaryimage\",\"url\":\"https:\\\/\\\/kaivopirtti.fi\\\/wp-content\\\/uploads\\\/2025\\\/07\\\/516090310_10161764754163753_2026057583345404629_n.jpg\",\"contentUrl\":\"https:\\\/\\\/kaivopirtti.fi\\\/wp-content\\\/uploads\\\/2025\\\/07\\\/516090310_10161764754163753_2026057583345404629_n.jpg\",\"width\":843,\"height\":514},{\"@type\":\"BreadcrumbList\",\"@id\":\"https:\\\/\\\/kaivopirtti.fi\\\/en\\\/ala-carte\\\/#breadcrumb\",\"itemListElement\":[{\"@type\":\"ListItem\",\"position\":1,\"name\":\"Etusivu\",\"item\":\"https:\\\/\\\/kaivopirtti.fi\\\/en\\\/\"},{\"@type\":\"ListItem\",\"position\":2,\"name\":\"Ala Carte\"}]},{\"@type\":\"WebSite\",\"@id\":\"https:\\\/\\\/kaivopirtti.fi\\\/#website\",\"url\":\"https:\\\/\\\/kaivopirtti.fi\\\/\",\"name\":\"Kahvila Kaivopirtti\",\"description\":\"\",\"potentialAction\":[{\"@type\":\"SearchAction\",\"target\":{\"@type\":\"EntryPoint\",\"urlTemplate\":\"https:\\\/\\\/kaivopirtti.fi\\\/?s={search_term_string}\"},\"query-input\":{\"@type\":\"PropertyValueSpecification\",\"valueRequired\":true,\"valueName\":\"search_term_string\"}}],\"inLanguage\":\"en-US\"}]}<\/script>\n<!-- \/ Yoast SEO plugin. -->","yoast_head_json":{"title":"Ala Carte - Kahvila Kaivopirtti","robots":{"index":"index","follow":"follow","max-snippet":"max-snippet:-1","max-image-preview":"max-image-preview:large","max-video-preview":"max-video-preview:-1"},"canonical":"https:\/\/kaivopirtti.fi\/en\/ala-carte\/","og_locale":"en_US","og_type":"article","og_title":"Ala Carte - Kahvila Kaivopirtti","og_description":"In the spring of 2025, we completed a new &amp; much-needed restaurant kitchen extension to our Caf\u00e9-Restaurant \u201cwing\u201d. So far, we have been...","og_url":"https:\/\/kaivopirtti.fi\/en\/ala-carte\/","og_site_name":"Kahvila Kaivopirtti","article_publisher":"https:\/\/fi-fi.facebook.com\/KahvilaKaivopirtti","article_modified_time":"2025-08-03T11:35:33+00:00","og_image":[{"width":843,"height":514,"url":"https:\/\/kaivopirtti.fi\/wp-content\/uploads\/2025\/07\/516090310_10161764754163753_2026057583345404629_n.jpg","type":"image\/jpeg"}],"twitter_card":"summary_large_image","twitter_misc":{"Est. reading time":"1 minute"},"schema":{"@context":"https:\/\/schema.org","@graph":[{"@type":"WebPage","@id":"https:\/\/kaivopirtti.fi\/en\/ala-carte\/","url":"https:\/\/kaivopirtti.fi\/en\/ala-carte\/","name":"Ala Carte - Kahvila Kaivopirtti","isPartOf":{"@id":"https:\/\/kaivopirtti.fi\/#website"},"primaryImageOfPage":{"@id":"https:\/\/kaivopirtti.fi\/en\/ala-carte\/#primaryimage"},"image":{"@id":"https:\/\/kaivopirtti.fi\/en\/ala-carte\/#primaryimage"},"thumbnailUrl":"https:\/\/kaivopirtti.fi\/wp-content\/uploads\/2025\/07\/516090310_10161764754163753_2026057583345404629_n.jpg","datePublished":"2025-07-04T17:17:45+00:00","dateModified":"2025-08-03T11:35:33+00:00","breadcrumb":{"@id":"https:\/\/kaivopirtti.fi\/en\/ala-carte\/#breadcrumb"},"inLanguage":"en-US","potentialAction":[{"@type":"ReadAction","target":["https:\/\/kaivopirtti.fi\/en\/ala-carte\/"]}]},{"@type":"ImageObject","inLanguage":"en-US","@id":"https:\/\/kaivopirtti.fi\/en\/ala-carte\/#primaryimage","url":"https:\/\/kaivopirtti.fi\/wp-content\/uploads\/2025\/07\/516090310_10161764754163753_2026057583345404629_n.jpg","contentUrl":"https:\/\/kaivopirtti.fi\/wp-content\/uploads\/2025\/07\/516090310_10161764754163753_2026057583345404629_n.jpg","width":843,"height":514},{"@type":"BreadcrumbList","@id":"https:\/\/kaivopirtti.fi\/en\/ala-carte\/#breadcrumb","itemListElement":[{"@type":"ListItem","position":1,"name":"Etusivu","item":"https:\/\/kaivopirtti.fi\/en\/"},{"@type":"ListItem","position":2,"name":"Ala Carte"}]},{"@type":"WebSite","@id":"https:\/\/kaivopirtti.fi\/#website","url":"https:\/\/kaivopirtti.fi\/","name":"Kahvila Kaivopirtti","description":"","potentialAction":[{"@type":"SearchAction","target":{"@type":"EntryPoint","urlTemplate":"https:\/\/kaivopirtti.fi\/?s={search_term_string}"},"query-input":{"@type":"PropertyValueSpecification","valueRequired":true,"valueName":"search_term_string"}}],"inLanguage":"en-US"}]}},"_links":{"self":[{"href":"https:\/\/kaivopirtti.fi\/en\/wp-json\/wp\/v2\/pages\/1019","targetHints":{"allow":["GET"]}}],"collection":[{"href":"https:\/\/kaivopirtti.fi\/en\/wp-json\/wp\/v2\/pages"}],"about":[{"href":"https:\/\/kaivopirtti.fi\/en\/wp-json\/wp\/v2\/types\/page"}],"author":[{"embeddable":true,"href":"https:\/\/kaivopirtti.fi\/en\/wp-json\/wp\/v2\/users\/3"}],"replies":[{"embeddable":true,"href":"https:\/\/kaivopirtti.fi\/en\/wp-json\/wp\/v2\/comments?post=1019"}],"version-history":[{"count":4,"href":"https:\/\/kaivopirtti.fi\/en\/wp-json\/wp\/v2\/pages\/1019\/revisions"}],"predecessor-version":[{"id":1057,"href":"https:\/\/kaivopirtti.fi\/en\/wp-json\/wp\/v2\/pages\/1019\/revisions\/1057"}],"wp:featuredmedia":[{"embeddable":true,"href":"https:\/\/kaivopirtti.fi\/en\/wp-json\/wp\/v2\/media\/1014"}],"wp:attachment":[{"href":"https:\/\/kaivopirtti.fi\/en\/wp-json\/wp\/v2\/media?parent=1019"}],"curies":[{"name":"wp","href":"https:\/\/api.w.org\/{rel}","templated":true}]}}