{"id":53,"date":"2020-06-22T09:21:19","date_gmt":"2020-06-22T06:21:19","guid":{"rendered":"https:\/\/kaivopirtti.fi\/?page_id=53"},"modified":"2025-07-07T21:23:34","modified_gmt":"2025-07-07T18:23:34","slug":"front-page","status":"publish","type":"page","link":"https:\/\/kaivopirtti.fi\/en\/","title":{"rendered":"Front page"},"content":{"rendered":"<h1 style=\"text-align: center;\">Cafe &amp; Restaurant Kaivopirtti<\/h1>\n<pre class=\"tw-data-text tw-text-large tw-ta\" dir=\"ltr\" data-placeholder=\"K\u00e4\u00e4nn\u00f6s\" data-ved=\"2ahUKEwiUvJndoYeNAxUUKxAIHcunFy4Q3ewLegQICBAU\" aria-label=\"K\u00e4\u00e4nnetty teksti: Family owned caf\u00e9-restaurant in the center of Kerim\u00e4ki. We offer homemade fresh caf\u00e9 products, lunch, fast food, ice cream, specialty coffees, alcohol, etc.\"><span class=\"Y2IQFc\" lang=\"en\">                Family owned caf\u00e9-restaurant in the center of Kerim\u00e4ki.<\/span><\/pre>\n<pre class=\"tw-data-text tw-text-large tw-ta\" dir=\"ltr\" data-placeholder=\"K\u00e4\u00e4nn\u00f6s\" data-ved=\"2ahUKEwiUvJndoYeNAxUUKxAIHcunFy4Q3ewLegQICBAU\" aria-label=\"K\u00e4\u00e4nnetty teksti: large outdoor terraces with a view of the world's largest wooden church\"><span class=\"Y2IQFc\" lang=\"en\">           Large outdoor terraces with a view of the world's largest wooden church\r\n<\/span><span class=\"Y2IQFc\" lang=\"en\">           We offer homemade fresh caf\u00e9 products,\r\n           lunch, fast food, ice cream, different coffees, alcohol, etc.<\/span><\/pre>\n<div class=\"oSioSc\" style=\"text-align: center;\">\n<div id=\"tw-target\">\n<div id=\"kAz1tf\" class=\"g9WsWb PZPZlf\" data-attrid=\"tw-targetArea\" data-entityname=\"Google Translate\">\n<div id=\"tw-target-text-container\" class=\"tw-ta-container tw-nfl\" tabindex=\"0\" role=\"text\">\n<pre id=\"tw-target-text\" class=\"tw-data-text tw-text-large tw-ta\" dir=\"ltr\" data-placeholder=\"K\u00e4\u00e4nn\u00f6s\" data-ved=\"2ahUKEwiUvJndoYeNAxUUKxAIHcunFy4Q3ewLegQICBAU\" aria-label=\"K\u00e4\u00e4nnetty teksti: Our caf\u00e9-restaurant is open from spring to late autumn. We are closed in winter.\"><span class=\"Y2IQFc\" lang=\"en\"> Our caf\u00e9-restaurant is open from spring to late autumn. We are closed in winter.<\/span><\/pre>\n<\/div>\n<\/div>\n<\/div>\n<\/div>\n<pre id=\"tw-target-text\" class=\"tw-data-text tw-text-large tw-ta\" dir=\"ltr\" data-placeholder=\"K\u00e4\u00e4nn\u00f6s\" data-ved=\"2ahUKEwiUvJndoYeNAxUUKxAIHcunFy4Q3ewLegQICBAU\" aria-label=\"K\u00e4\u00e4nnetty teksti: large outdoor terraces with a view of the world's largest wooden church\"><span class=\"Y2IQFc\" lang=\"en\">                                               Welcome ! <\/span><\/pre>\n<p style=\"text-align: center;\">\n","protected":false},"excerpt":{"rendered":"<p>Cafe &amp; Restaurant Kaivopirtti Family owned caf\u00e9-restaurant in the center of Kerim\u00e4ki. Large outdoor terraces with a view of the world&#8217;s largest wooden&#8230;<\/p>\n","protected":false},"author":2,"featured_media":946,"parent":0,"menu_order":0,"comment_status":"closed","ping_status":"closed","template":"","meta":{"footnotes":""},"class_list":["post-53","page","type-page","status-publish","has-post-thumbnail","hentry"],"yoast_head":"<!-- This site is optimized with the Yoast SEO plugin v27.4 - https:\/\/yoast.com\/product\/yoast-seo-wordpress\/ -->\n<title>Front page - Kahvila Kaivopirtti<\/title>\n<meta name=\"robots\" content=\"index, follow, max-snippet:-1, max-image-preview:large, max-video-preview:-1\" \/>\n<link rel=\"canonical\" href=\"https:\/\/kaivopirtti.fi\/en\/\" \/>\n<meta property=\"og:locale\" content=\"en_US\" \/>\n<meta property=\"og:type\" content=\"article\" \/>\n<meta property=\"og:title\" content=\"Front page - Kahvila Kaivopirtti\" \/>\n<meta property=\"og:description\" content=\"Cafe &amp; Restaurant Kaivopirtti Family owned caf\u00e9-restaurant in the center of Kerim\u00e4ki. Large outdoor terraces with a view of the world&#039;s largest wooden...\" \/>\n<meta property=\"og:url\" content=\"https:\/\/kaivopirtti.fi\/en\/\" \/>\n<meta property=\"og:site_name\" content=\"Kahvila Kaivopirtti\" \/>\n<meta property=\"article:publisher\" content=\"https:\/\/fi-fi.facebook.com\/KahvilaKaivopirtti\" \/>\n<meta property=\"article:modified_time\" content=\"2025-07-07T18:23:34+00:00\" \/>\n<meta property=\"og:image\" content=\"https:\/\/kaivopirtti.fi\/wp-content\/uploads\/2020\/09\/kaivopirtti-1.png\" \/>\n\t<meta property=\"og:image:width\" content=\"720\" \/>\n\t<meta property=\"og:image:height\" content=\"433\" \/>\n\t<meta property=\"og:image:type\" content=\"image\/png\" \/>\n<meta name=\"twitter:card\" content=\"summary_large_image\" \/>\n<meta name=\"twitter:label1\" content=\"Est. reading time\" \/>\n\t<meta name=\"twitter:data1\" content=\"1 minute\" \/>\n<script type=\"application\/ld+json\" class=\"yoast-schema-graph\">{\"@context\":\"https:\\\/\\\/schema.org\",\"@graph\":[{\"@type\":\"WebPage\",\"@id\":\"https:\\\/\\\/kaivopirtti.fi\\\/en\\\/\",\"url\":\"https:\\\/\\\/kaivopirtti.fi\\\/en\\\/\",\"name\":\"Front page - Kahvila Kaivopirtti\",\"isPartOf\":{\"@id\":\"https:\\\/\\\/kaivopirtti.fi\\\/#website\"},\"primaryImageOfPage\":{\"@id\":\"https:\\\/\\\/kaivopirtti.fi\\\/en\\\/#primaryimage\"},\"image\":{\"@id\":\"https:\\\/\\\/kaivopirtti.fi\\\/en\\\/#primaryimage\"},\"thumbnailUrl\":\"https:\\\/\\\/kaivopirtti.fi\\\/wp-content\\\/uploads\\\/2025\\\/07\\\/494047072_1298817288912921_5941944372989625774_n.jpg\",\"datePublished\":\"2020-06-22T06:21:19+00:00\",\"dateModified\":\"2025-07-07T18:23:34+00:00\",\"breadcrumb\":{\"@id\":\"https:\\\/\\\/kaivopirtti.fi\\\/en\\\/#breadcrumb\"},\"inLanguage\":\"en-US\",\"potentialAction\":[{\"@type\":\"ReadAction\",\"target\":[\"https:\\\/\\\/kaivopirtti.fi\\\/en\\\/\"]}]},{\"@type\":\"ImageObject\",\"inLanguage\":\"en-US\",\"@id\":\"https:\\\/\\\/kaivopirtti.fi\\\/en\\\/#primaryimage\",\"url\":\"https:\\\/\\\/kaivopirtti.fi\\\/wp-content\\\/uploads\\\/2025\\\/07\\\/494047072_1298817288912921_5941944372989625774_n.jpg\",\"contentUrl\":\"https:\\\/\\\/kaivopirtti.fi\\\/wp-content\\\/uploads\\\/2025\\\/07\\\/494047072_1298817288912921_5941944372989625774_n.jpg\",\"width\":1590,\"height\":2048},{\"@type\":\"BreadcrumbList\",\"@id\":\"https:\\\/\\\/kaivopirtti.fi\\\/en\\\/#breadcrumb\",\"itemListElement\":[{\"@type\":\"ListItem\",\"position\":1,\"name\":\"Etusivu\",\"item\":\"https:\\\/\\\/kaivopirtti.fi\\\/en\\\/\"},{\"@type\":\"ListItem\",\"position\":2,\"name\":\"Front page\"}]},{\"@type\":\"WebSite\",\"@id\":\"https:\\\/\\\/kaivopirtti.fi\\\/#website\",\"url\":\"https:\\\/\\\/kaivopirtti.fi\\\/\",\"name\":\"Kahvila Kaivopirtti\",\"description\":\"\",\"potentialAction\":[{\"@type\":\"SearchAction\",\"target\":{\"@type\":\"EntryPoint\",\"urlTemplate\":\"https:\\\/\\\/kaivopirtti.fi\\\/?s={search_term_string}\"},\"query-input\":{\"@type\":\"PropertyValueSpecification\",\"valueRequired\":true,\"valueName\":\"search_term_string\"}}],\"inLanguage\":\"en-US\"}]}<\/script>\n<!-- \/ Yoast SEO plugin. -->","yoast_head_json":{"title":"Front page - Kahvila Kaivopirtti","robots":{"index":"index","follow":"follow","max-snippet":"max-snippet:-1","max-image-preview":"max-image-preview:large","max-video-preview":"max-video-preview:-1"},"canonical":"https:\/\/kaivopirtti.fi\/en\/","og_locale":"en_US","og_type":"article","og_title":"Front page - Kahvila Kaivopirtti","og_description":"Cafe &amp; Restaurant Kaivopirtti Family owned caf\u00e9-restaurant in the center of Kerim\u00e4ki. Large outdoor terraces with a view of the world's largest wooden...","og_url":"https:\/\/kaivopirtti.fi\/en\/","og_site_name":"Kahvila Kaivopirtti","article_publisher":"https:\/\/fi-fi.facebook.com\/KahvilaKaivopirtti","article_modified_time":"2025-07-07T18:23:34+00:00","og_image":[{"width":720,"height":433,"url":"https:\/\/kaivopirtti.fi\/wp-content\/uploads\/2020\/09\/kaivopirtti-1.png","type":"image\/png"}],"twitter_card":"summary_large_image","twitter_misc":{"Est. reading time":"1 minute"},"schema":{"@context":"https:\/\/schema.org","@graph":[{"@type":"WebPage","@id":"https:\/\/kaivopirtti.fi\/en\/","url":"https:\/\/kaivopirtti.fi\/en\/","name":"Front page - Kahvila Kaivopirtti","isPartOf":{"@id":"https:\/\/kaivopirtti.fi\/#website"},"primaryImageOfPage":{"@id":"https:\/\/kaivopirtti.fi\/en\/#primaryimage"},"image":{"@id":"https:\/\/kaivopirtti.fi\/en\/#primaryimage"},"thumbnailUrl":"https:\/\/kaivopirtti.fi\/wp-content\/uploads\/2025\/07\/494047072_1298817288912921_5941944372989625774_n.jpg","datePublished":"2020-06-22T06:21:19+00:00","dateModified":"2025-07-07T18:23:34+00:00","breadcrumb":{"@id":"https:\/\/kaivopirtti.fi\/en\/#breadcrumb"},"inLanguage":"en-US","potentialAction":[{"@type":"ReadAction","target":["https:\/\/kaivopirtti.fi\/en\/"]}]},{"@type":"ImageObject","inLanguage":"en-US","@id":"https:\/\/kaivopirtti.fi\/en\/#primaryimage","url":"https:\/\/kaivopirtti.fi\/wp-content\/uploads\/2025\/07\/494047072_1298817288912921_5941944372989625774_n.jpg","contentUrl":"https:\/\/kaivopirtti.fi\/wp-content\/uploads\/2025\/07\/494047072_1298817288912921_5941944372989625774_n.jpg","width":1590,"height":2048},{"@type":"BreadcrumbList","@id":"https:\/\/kaivopirtti.fi\/en\/#breadcrumb","itemListElement":[{"@type":"ListItem","position":1,"name":"Etusivu","item":"https:\/\/kaivopirtti.fi\/en\/"},{"@type":"ListItem","position":2,"name":"Front page"}]},{"@type":"WebSite","@id":"https:\/\/kaivopirtti.fi\/#website","url":"https:\/\/kaivopirtti.fi\/","name":"Kahvila Kaivopirtti","description":"","potentialAction":[{"@type":"SearchAction","target":{"@type":"EntryPoint","urlTemplate":"https:\/\/kaivopirtti.fi\/?s={search_term_string}"},"query-input":{"@type":"PropertyValueSpecification","valueRequired":true,"valueName":"search_term_string"}}],"inLanguage":"en-US"}]}},"_links":{"self":[{"href":"https:\/\/kaivopirtti.fi\/en\/wp-json\/wp\/v2\/pages\/53","targetHints":{"allow":["GET"]}}],"collection":[{"href":"https:\/\/kaivopirtti.fi\/en\/wp-json\/wp\/v2\/pages"}],"about":[{"href":"https:\/\/kaivopirtti.fi\/en\/wp-json\/wp\/v2\/types\/page"}],"author":[{"embeddable":true,"href":"https:\/\/kaivopirtti.fi\/en\/wp-json\/wp\/v2\/users\/2"}],"replies":[{"embeddable":true,"href":"https:\/\/kaivopirtti.fi\/en\/wp-json\/wp\/v2\/comments?post=53"}],"version-history":[{"count":8,"href":"https:\/\/kaivopirtti.fi\/en\/wp-json\/wp\/v2\/pages\/53\/revisions"}],"predecessor-version":[{"id":1024,"href":"https:\/\/kaivopirtti.fi\/en\/wp-json\/wp\/v2\/pages\/53\/revisions\/1024"}],"wp:featuredmedia":[{"embeddable":true,"href":"https:\/\/kaivopirtti.fi\/en\/wp-json\/wp\/v2\/media\/946"}],"wp:attachment":[{"href":"https:\/\/kaivopirtti.fi\/en\/wp-json\/wp\/v2\/media?parent=53"}],"curies":[{"name":"wp","href":"https:\/\/api.w.org\/{rel}","templated":true}]}}