{"id":846,"date":"2024-05-06T12:55:22","date_gmt":"2024-05-06T09:55:22","guid":{"rendered":"https:\/\/kaivopirtti.fi\/?page_id=846"},"modified":"2024-05-06T13:00:10","modified_gmt":"2024-05-06T10:00:10","slug":"about-us","status":"publish","type":"page","link":"https:\/\/kaivopirtti.fi\/en\/about-us\/","title":{"rendered":"About Us"},"content":{"rendered":"<pre id=\"tw-target-text\" class=\"tw-data-text tw-text-large tw-ta\" dir=\"ltr\" data-placeholder=\"K\u00e4\u00e4nn\u00f6s\" aria-label=\"K\u00e4\u00e4nnetty teksti\" data-ved=\"2ahUKEwir3vSf0viFAxVIHhAIHatfBHkQ3ewLegQIEhAU\"><strong><span class=\"Y2IQFc\" lang=\"en\">Kerim\u00e4ki meeting place,\r\n\"everyone's living room\"\r\nKaivopirtti is a Cafe-Restaurant operating in Savonlinna's Kerim\u00e4ki. We are located right next to the world's largest wooden church.\r\n\r\nKaivopirtti has a long tradition, there has been a cafe there since the 50s. Since 1999, the company has operated under our ownership as a family business that employs 3-14 employees depending on the season. We have approx. 30 customer seats in the indoor cafe, approx. 120 customer seats on the summer terrace &amp; glazed terrace.<\/span><\/strong><\/pre>\n","protected":false},"excerpt":{"rendered":"<p>Kerim\u00e4ki meeting place, &#8220;everyone&#8217;s living room&#8221; Kaivopirtti is a Cafe-Restaurant operating in Savonlinna&#8217;s Kerim\u00e4ki. We are located right next to the world&#8217;s largest&#8230;<\/p>\n","protected":false},"author":3,"featured_media":0,"parent":0,"menu_order":0,"comment_status":"closed","ping_status":"closed","template":"","meta":{"footnotes":""},"class_list":["post-846","page","type-page","status-publish","hentry"],"yoast_head":"<!-- This site is optimized with the Yoast SEO plugin v27.4 - https:\/\/yoast.com\/product\/yoast-seo-wordpress\/ -->\n<title>About Us - Kahvila Kaivopirtti<\/title>\n<meta name=\"robots\" content=\"index, follow, max-snippet:-1, max-image-preview:large, max-video-preview:-1\" \/>\n<link rel=\"canonical\" href=\"https:\/\/kaivopirtti.fi\/en\/about-us\/\" \/>\n<meta property=\"og:locale\" content=\"en_US\" \/>\n<meta property=\"og:type\" content=\"article\" \/>\n<meta property=\"og:title\" content=\"About Us - Kahvila Kaivopirtti\" \/>\n<meta property=\"og:description\" content=\"Kerim\u00e4ki meeting place, &quot;everyone&#039;s living room&quot; Kaivopirtti is a Cafe-Restaurant operating in Savonlinna&#039;s Kerim\u00e4ki. We are located right next to the world&#039;s largest...\" \/>\n<meta property=\"og:url\" content=\"https:\/\/kaivopirtti.fi\/en\/about-us\/\" \/>\n<meta property=\"og:site_name\" content=\"Kahvila Kaivopirtti\" \/>\n<meta property=\"article:publisher\" content=\"https:\/\/fi-fi.facebook.com\/KahvilaKaivopirtti\" \/>\n<meta property=\"article:modified_time\" content=\"2024-05-06T10:00:10+00:00\" \/>\n<meta property=\"og:image\" content=\"https:\/\/kaivopirtti.fi\/wp-content\/uploads\/2020\/09\/kaivopirtti-1.png\" \/>\n\t<meta property=\"og:image:width\" content=\"720\" \/>\n\t<meta property=\"og:image:height\" content=\"433\" \/>\n\t<meta property=\"og:image:type\" content=\"image\/png\" \/>\n<meta name=\"twitter:card\" content=\"summary_large_image\" \/>\n<script type=\"application\/ld+json\" class=\"yoast-schema-graph\">{\"@context\":\"https:\\\/\\\/schema.org\",\"@graph\":[{\"@type\":\"WebPage\",\"@id\":\"https:\\\/\\\/kaivopirtti.fi\\\/en\\\/about-us\\\/\",\"url\":\"https:\\\/\\\/kaivopirtti.fi\\\/en\\\/about-us\\\/\",\"name\":\"About Us - Kahvila Kaivopirtti\",\"isPartOf\":{\"@id\":\"https:\\\/\\\/kaivopirtti.fi\\\/#website\"},\"datePublished\":\"2024-05-06T09:55:22+00:00\",\"dateModified\":\"2024-05-06T10:00:10+00:00\",\"breadcrumb\":{\"@id\":\"https:\\\/\\\/kaivopirtti.fi\\\/en\\\/about-us\\\/#breadcrumb\"},\"inLanguage\":\"en-US\",\"potentialAction\":[{\"@type\":\"ReadAction\",\"target\":[\"https:\\\/\\\/kaivopirtti.fi\\\/en\\\/about-us\\\/\"]}]},{\"@type\":\"BreadcrumbList\",\"@id\":\"https:\\\/\\\/kaivopirtti.fi\\\/en\\\/about-us\\\/#breadcrumb\",\"itemListElement\":[{\"@type\":\"ListItem\",\"position\":1,\"name\":\"Etusivu\",\"item\":\"https:\\\/\\\/kaivopirtti.fi\\\/en\\\/\"},{\"@type\":\"ListItem\",\"position\":2,\"name\":\"About Us\"}]},{\"@type\":\"WebSite\",\"@id\":\"https:\\\/\\\/kaivopirtti.fi\\\/#website\",\"url\":\"https:\\\/\\\/kaivopirtti.fi\\\/\",\"name\":\"Kahvila Kaivopirtti\",\"description\":\"\",\"potentialAction\":[{\"@type\":\"SearchAction\",\"target\":{\"@type\":\"EntryPoint\",\"urlTemplate\":\"https:\\\/\\\/kaivopirtti.fi\\\/?s={search_term_string}\"},\"query-input\":{\"@type\":\"PropertyValueSpecification\",\"valueRequired\":true,\"valueName\":\"search_term_string\"}}],\"inLanguage\":\"en-US\"}]}<\/script>\n<!-- \/ Yoast SEO plugin. -->","yoast_head_json":{"title":"About Us - Kahvila Kaivopirtti","robots":{"index":"index","follow":"follow","max-snippet":"max-snippet:-1","max-image-preview":"max-image-preview:large","max-video-preview":"max-video-preview:-1"},"canonical":"https:\/\/kaivopirtti.fi\/en\/about-us\/","og_locale":"en_US","og_type":"article","og_title":"About Us - Kahvila Kaivopirtti","og_description":"Kerim\u00e4ki meeting place, \"everyone's living room\" Kaivopirtti is a Cafe-Restaurant operating in Savonlinna's Kerim\u00e4ki. We are located right next to the world's largest...","og_url":"https:\/\/kaivopirtti.fi\/en\/about-us\/","og_site_name":"Kahvila Kaivopirtti","article_publisher":"https:\/\/fi-fi.facebook.com\/KahvilaKaivopirtti","article_modified_time":"2024-05-06T10:00:10+00:00","og_image":[{"width":720,"height":433,"url":"https:\/\/kaivopirtti.fi\/wp-content\/uploads\/2020\/09\/kaivopirtti-1.png","type":"image\/png"}],"twitter_card":"summary_large_image","schema":{"@context":"https:\/\/schema.org","@graph":[{"@type":"WebPage","@id":"https:\/\/kaivopirtti.fi\/en\/about-us\/","url":"https:\/\/kaivopirtti.fi\/en\/about-us\/","name":"About Us - Kahvila Kaivopirtti","isPartOf":{"@id":"https:\/\/kaivopirtti.fi\/#website"},"datePublished":"2024-05-06T09:55:22+00:00","dateModified":"2024-05-06T10:00:10+00:00","breadcrumb":{"@id":"https:\/\/kaivopirtti.fi\/en\/about-us\/#breadcrumb"},"inLanguage":"en-US","potentialAction":[{"@type":"ReadAction","target":["https:\/\/kaivopirtti.fi\/en\/about-us\/"]}]},{"@type":"BreadcrumbList","@id":"https:\/\/kaivopirtti.fi\/en\/about-us\/#breadcrumb","itemListElement":[{"@type":"ListItem","position":1,"name":"Etusivu","item":"https:\/\/kaivopirtti.fi\/en\/"},{"@type":"ListItem","position":2,"name":"About Us"}]},{"@type":"WebSite","@id":"https:\/\/kaivopirtti.fi\/#website","url":"https:\/\/kaivopirtti.fi\/","name":"Kahvila Kaivopirtti","description":"","potentialAction":[{"@type":"SearchAction","target":{"@type":"EntryPoint","urlTemplate":"https:\/\/kaivopirtti.fi\/?s={search_term_string}"},"query-input":{"@type":"PropertyValueSpecification","valueRequired":true,"valueName":"search_term_string"}}],"inLanguage":"en-US"}]}},"_links":{"self":[{"href":"https:\/\/kaivopirtti.fi\/en\/wp-json\/wp\/v2\/pages\/846","targetHints":{"allow":["GET"]}}],"collection":[{"href":"https:\/\/kaivopirtti.fi\/en\/wp-json\/wp\/v2\/pages"}],"about":[{"href":"https:\/\/kaivopirtti.fi\/en\/wp-json\/wp\/v2\/types\/page"}],"author":[{"embeddable":true,"href":"https:\/\/kaivopirtti.fi\/en\/wp-json\/wp\/v2\/users\/3"}],"replies":[{"embeddable":true,"href":"https:\/\/kaivopirtti.fi\/en\/wp-json\/wp\/v2\/comments?post=846"}],"version-history":[{"count":1,"href":"https:\/\/kaivopirtti.fi\/en\/wp-json\/wp\/v2\/pages\/846\/revisions"}],"predecessor-version":[{"id":847,"href":"https:\/\/kaivopirtti.fi\/en\/wp-json\/wp\/v2\/pages\/846\/revisions\/847"}],"wp:attachment":[{"href":"https:\/\/kaivopirtti.fi\/en\/wp-json\/wp\/v2\/media?parent=846"}],"curies":[{"name":"wp","href":"https:\/\/api.w.org\/{rel}","templated":true}]}}